{"id":1699,"date":"2022-08-20T14:38:20","date_gmt":"2022-08-20T14:38:20","guid":{"rendered":"https:\/\/sereventos.com\/wp\/?page_id=1699"},"modified":"2025-08-26T19:24:42","modified_gmt":"2025-08-26T19:24:42","slug":"quienes-somos","status":"publish","type":"page","link":"https:\/\/sereventos.com\/wp\/quienes-somos\/","title":{"rendered":"\u00bfQui\u00e9nes Somos?"},"content":{"rendered":"\n\n\t<section class=\"section dark\" id=\"section_1470752595\">\n\t\t<div class=\"section-bg fill\" >\n\t\t\t<img loading=\"lazy\" decoding=\"async\" width=\"1479\" height=\"600\" src=\"https:\/\/sereventos.com\/wp\/wp-content\/uploads\/2020\/08\/reikipro.jpg\" class=\"bg attachment- size-\" alt=\"\" \/>\t\t\t\t\t\t<div class=\"section-bg-overlay absolute fill\"><\/div>\n\t\t\t\n\n\t\t<\/div>\n\n\t\t\n\n\t\t<div class=\"section-content relative\">\n\t\t\t\n\n<div class=\"row align-center\"  id=\"row-768445600\">\n\n\n\t<div id=\"col-1453688206\" class=\"col medium-8 small-12 large-10\"  >\n\t\t\t\t<div class=\"col-inner text-center\"  >\n\t\t\t\n\t\t\t\n\n\t<div id=\"gap-1285544109\" class=\"gap-element clearfix\" style=\"display:block; height:auto;\">\n\t\t\n<style>\n#gap-1285544109 {\n  padding-top: 30px;\n}\n<\/style>\n\t<\/div>\n\t\n\n<div class=\"row\"  id=\"row-873811372\">\n\n\n\t<div id=\"col-282152474\" class=\"col small-12 large-12\"  >\n\t\t\t\t<div class=\"col-inner\"  >\n\t\t\t\n\t\t\t\n\n\t<div id=\"text-182379819\" class=\"text\">\n\t\t\n\n<h2>\u00bb El que Siembra para el esp\u00edritu, segar\u00e1 del esp\u00edritu vida Eterna.\u00bb<\/h2>\n\t\t\n<style>\n#text-182379819 {\n  font-size: 1.75rem;\n}\n@media (min-width:550px) {\n  #text-182379819 {\n    font-size: 1.1rem;\n  }\n}\n<\/style>\n\t<\/div>\n\t\n\n\t\t<\/div>\n\t\t\t\t\t<\/div>\n\n\t\n\n<\/div>\n\n\t\t<\/div>\n\t\t\t\t\t<\/div>\n\n\t\n\n<\/div>\n\n\t\t<\/div>\n\n\t\t\n<style>\n#section_1470752595 {\n  padding-top: 30px;\n  padding-bottom: 30px;\n  min-height: 350px;\n}\n#section_1470752595 .section-bg-overlay {\n  background-color: rgba(0, 0, 0, 0.35);\n}\n#section_1470752595 .section-bg img {\n  object-position: 45% 51%;\n}\n@media (min-width:550px) {\n  #section_1470752595 {\n    min-height: 400px;\n  }\n}\n<\/style>\n\t<\/section>\n\t\n\n\t<section class=\"section\" id=\"section_1511810077\">\n\t\t<div class=\"section-bg fill\" >\n\t\t\t\t\t\t\t\t\t\n\t\t\t\n\n\t\t<\/div>\n\n\t\t\n\n\t\t<div class=\"section-content relative\">\n\t\t\t\n\n\t<div id=\"gap-1458833369\" class=\"gap-element clearfix\" style=\"display:block; height:auto;\">\n\t\t\n<style>\n#gap-1458833369 {\n  padding-top: 30px;\n}\n<\/style>\n\t<\/div>\n\t\n\n<div class=\"row align-middle align-center\"  id=\"row-1569076745\">\n\n\n\t<div id=\"col-534279471\" class=\"col medium-12 small-12 large-6\"  >\n\t\t\t\t<div class=\"col-inner\"  >\n\t\t\t\n\t\t\t\n\n\n  <div class=\"banner has-hover\" id=\"banner-486672126\">\n          <div class=\"banner-inner fill\">\n        <div class=\"banner-bg fill\" >\n            <img loading=\"lazy\" decoding=\"async\" width=\"618\" height=\"540\" src=\"https:\/\/sereventos.com\/wp\/wp-content\/uploads\/2022\/05\/Morado-Cielo-Aire-Libre-Naturaleza-Foto-Inspiracion-Frase-Fondo-de-Pantalla-12.png\" class=\"bg attachment-large size-large\" alt=\"\" \/>                                    \n                    <\/div>\n\t\t\n        <div class=\"banner-layers container\">\n            <div class=\"fill banner-link\"><\/div>            \n\n   <div id=\"text-box-1876331582\" class=\"text-box banner-layer x50 md-x50 lg-x50 y50 md-y50 lg-y50 res-text\">\n                                <div class=\"text-box-content text dark\">\n              \n              <div class=\"text-inner text-center\">\n                  \n\n\n              <\/div>\n           <\/div>\n                            \n<style>\n#text-box-1876331582 {\n  width: 75%;\n}\n#text-box-1876331582 .text-box-content {\n  font-size: 100%;\n}\n<\/style>\n    <\/div>\n \n\n        <\/div>\n      <\/div>\n\n            \n<style>\n#banner-486672126 {\n  padding-top: 99.99%;\n  background-color: rgb(255, 255, 255);\n}\n#banner-486672126 .banner-bg img {\n  object-position: 35% 56%;\n}\n@media (min-width:550px) {\n  #banner-486672126 {\n    padding-top: 75%;\n  }\n}\n@media (min-width:850px) {\n  #banner-486672126 {\n    padding-top: 83%;\n  }\n}\n<\/style>\n  <\/div>\n\n\n\n\t\t<\/div>\n\t\t\t\t\t<\/div>\n\n\t\n\n\t<div id=\"col-422781205\" class=\"col medium-12 small-12 large-6\"  >\n\t\t\t\t<div class=\"col-inner\"  >\n\t\t\t\n\t\t\t\n\n\t<div id=\"gap-1349615160\" class=\"gap-element clearfix\" style=\"display:block; height:auto;\">\n\t\t\n<style>\n#gap-1349615160 {\n  padding-top: 10px;\n}\n@media (min-width:850px) {\n  #gap-1349615160 {\n    padding-top: 30px;\n  }\n}\n<\/style>\n\t<\/div>\n\t\n\n\t<div id=\"text-1990147261\" class=\"text\">\n\t\t\n\n<h2>Ser Eventos<\/h2>\n\t\t\n<style>\n#text-1990147261 {\n  font-size: 1.5rem;\n}\n<\/style>\n\t<\/div>\n\t\n<p>Somos seres en acci\u00f3n organizando eventos referentes al crecimiento y comprensi\u00f3n de temas espirituales que nos permiten superar y\/o entender nuestro paso por este Mundo: Talleres, cursos y seminarios dedicados a la Paz, Armon\u00eda y la Salud mental y f\u00edsica, presentamos Difusores, Maestros y Gu\u00edas que nos ense\u00f1an diferentes temas permiti\u00e9ndonos crecer y entender nuestra existencia. Charlas presenciales en salones preparados y acondicionados para que la experiencia sea \u00fanica y agradable de recordar, y a distancia con la mejor calidad digital en salas virtuales.<\/p>\n\n\t\t<\/div>\n\t\t\t\t\n<style>\n#col-422781205 > .col-inner {\n  padding: 0px 0px 0px 0;\n}\n@media (min-width:850px) {\n  #col-422781205 > .col-inner {\n    padding: 0px 0px 0px 10%;\n  }\n}\n<\/style>\n\t<\/div>\n\n\t\n\n<\/div>\n<div class=\"text-center\"><div class=\"is-divider divider clearfix\" style=\"max-width:90px;background-color:rgb(236, 189, 59);\"><\/div><\/div>\n\n<div class=\"row align-center\"  id=\"row-372331801\">\n\n\n\t<div id=\"col-1433565239\" class=\"col medium-10 small-12 large-9\"  >\n\t\t\t\t<div class=\"col-inner text-center\"  >\n\t\t\t\n\t\t\t\n\n\t<div id=\"text-4240329563\" class=\"text\">\n\t\t\n\n<h2 class=\"uppercase\">Somos seres en acci\u00f3n<\/h2>\n\t\t\n<style>\n#text-4240329563 {\n  font-size: 1.25rem;\n}\n<\/style>\n\t<\/div>\n\t\n<p>Queremos\u00a0 otorgar herramientas para encontrar la Armon\u00eda, Paz interior, Sanaci\u00f3n, Equilibrio Mental y Emocional. La sanaci\u00f3n energ\u00e9tica est\u00e1 al alcance de todos.<\/p>\n\t<div id=\"gap-2000881401\" class=\"gap-element clearfix\" style=\"display:block; height:auto;\">\n\t\t\n<style>\n#gap-2000881401 {\n  padding-top: 10px;\n}\n<\/style>\n\t<\/div>\n\t\n\n<div class=\"video video-fit mb\" style=\"padding-top:56.25%;\"><iframe loading=\"lazy\" title=\"SER EVENTOS\" width=\"1020\" height=\"574\" src=\"https:\/\/www.youtube.com\/embed\/sP4apnnidmw?feature=oembed\" frameborder=\"0\" allow=\"accelerometer; autoplay; clipboard-write; encrypted-media; gyroscope; picture-in-picture\" allowfullscreen><\/iframe><\/div>\n\n\n\t\t<\/div>\n\t\t\t\t\t<\/div>\n\n\t\n\n<\/div>\n\n\t\t<\/div>\n\n\t\t\n<style>\n#section_1511810077 {\n  padding-top: 40px;\n  padding-bottom: 40px;\n}\n@media (min-width:850px) {\n  #section_1511810077 {\n    padding-top: 0px;\n    padding-bottom: 0px;\n  }\n}\n<\/style>\n\t<\/section>\n\t\n\n\t<section class=\"section\" id=\"section_414807060\">\n\t\t<div class=\"section-bg fill\" >\n\t\t\t\t\t\t\t\t\t\n\t\t\t\n\n\t\t<\/div>\n\n\t\t\n\n\t\t<div class=\"section-content relative\">\n\t\t\t\n\n<div class=\"text-center\"><div class=\"is-divider divider clearfix\" style=\"max-width:90px;background-color:rgb(236, 189, 59);\"><\/div><\/div>\n\n\t<div id=\"gap-254326675\" class=\"gap-element clearfix\" style=\"display:block; height:auto;\">\n\t\t\n<style>\n#gap-254326675 {\n  padding-top: 30px;\n}\n<\/style>\n\t<\/div>\n\t\n\n<div class=\"row align-middle align-center\"  id=\"row-803755900\">\n\n\n\t<div id=\"col-588150568\" class=\"col medium-12 small-12 large-6\"  >\n\t\t\t\t<div class=\"col-inner\"  >\n\t\t\t\n\t\t\t\n\n<div class=\"row\"  id=\"row-1375941046\">\n\n\n\t<div id=\"col-680304492\" class=\"col medium-6 small-12 large-7\"  >\n\t\t\t\t<div class=\"col-inner\"  >\n\t\t\t\n\t\t\t\n\n\n  <div class=\"banner has-hover\" id=\"banner-377168791\">\n          <div class=\"banner-inner fill\">\n        <div class=\"banner-bg fill\" >\n            <img loading=\"lazy\" decoding=\"async\" width=\"960\" height=\"540\" src=\"https:\/\/sereventos.com\/wp\/wp-content\/uploads\/2022\/05\/Morado-Cielo-Aire-Libre-Naturaleza-Foto-Inspiracion-Frase-Fondo-de-Pantalla-15.png\" class=\"bg attachment-large size-large\" alt=\"\" \/>                                    \n                    <\/div>\n\t\t\n        <div class=\"banner-layers container\">\n            <div class=\"fill banner-link\"><\/div>            \n\n   <div id=\"text-box-1510388101\" class=\"text-box banner-layer x50 md-x50 lg-x50 y50 md-y50 lg-y50 res-text\">\n                                <div class=\"text-box-content text dark\">\n              \n              <div class=\"text-inner text-center\">\n                  \n\n\n              <\/div>\n           <\/div>\n                            \n<style>\n#text-box-1510388101 {\n  width: 60%;\n}\n#text-box-1510388101 .text-box-content {\n  font-size: 100%;\n}\n@media (min-width:550px) {\n  #text-box-1510388101 {\n    width: 60%;\n  }\n}\n<\/style>\n    <\/div>\n \n\n        <\/div>\n      <\/div>\n\n            \n<style>\n#banner-377168791 {\n  padding-top: 99.99%;\n  background-color: rgba(0, 0, 0, 0);\n}\n@media (min-width:550px) {\n  #banner-377168791 {\n    padding-top: 150%;\n  }\n}\n@media (min-width:850px) {\n  #banner-377168791 {\n    padding-top: 117%;\n  }\n}\n<\/style>\n  <\/div>\n\n\n\n\t\t<\/div>\n\t\t\t\t\t<\/div>\n\n\t\n\n\t<div id=\"col-2098074917\" class=\"col medium-6 small-12 large-5\"  >\n\t\t\t\t<div class=\"col-inner\"  >\n\t\t\t\n\t\t\t\n\n\n  <div class=\"banner has-hover\" id=\"banner-1262668611\">\n          <div class=\"banner-inner fill\">\n        <div class=\"banner-bg fill\" >\n            <img loading=\"lazy\" decoding=\"async\" width=\"960\" height=\"540\" src=\"https:\/\/sereventos.com\/wp\/wp-content\/uploads\/2022\/05\/Morado-Cielo-Aire-Libre-Naturaleza-Foto-Inspiracion-Frase-Fondo-de-Pantalla-1.png\" class=\"bg attachment-large size-large\" alt=\"\" \/>                                    \n                    <\/div>\n\t\t\n        <div class=\"banner-layers container\">\n            <div class=\"fill banner-link\"><\/div>            \n\n   <div id=\"text-box-1344241192\" class=\"text-box banner-layer x50 md-x50 lg-x50 y50 md-y50 lg-y50 res-text\">\n                                <div class=\"text-box-content text dark\">\n              \n              <div class=\"text-inner text-center\">\n                  \n\n\n              <\/div>\n           <\/div>\n                            \n<style>\n#text-box-1344241192 {\n  width: 60%;\n}\n#text-box-1344241192 .text-box-content {\n  font-size: 100%;\n}\n@media (min-width:550px) {\n  #text-box-1344241192 {\n    width: 60%;\n  }\n}\n<\/style>\n    <\/div>\n \n\n        <\/div>\n      <\/div>\n\n            \n<style>\n#banner-1262668611 {\n  padding-top: 60%;\n  background-color: rgba(0, 0, 0, 0);\n}\n@media (min-width:550px) {\n  #banner-1262668611 {\n    padding-top: 76%;\n  }\n}\n@media (min-width:850px) {\n  #banner-1262668611 {\n    padding-top: 87%;\n  }\n}\n<\/style>\n  <\/div>\n\n\n\n\t\t<\/div>\n\t\t\t\t\t<\/div>\n\n\t\n\n<\/div>\n<div class=\"row align-right\"  id=\"row-1900211172\">\n\n\n\t<div id=\"col-1695669034\" class=\"col medium-7 small-12 large-7\"  >\n\t\t\t\t<div class=\"col-inner\"  >\n\t\t\t\n\t\t\t\n\n\n  <div class=\"banner has-hover\" id=\"banner-20245380\">\n          <div class=\"banner-inner fill\">\n        <div class=\"banner-bg fill\" >\n            <img loading=\"lazy\" decoding=\"async\" width=\"800\" height=\"800\" src=\"https:\/\/sereventos.com\/wp\/wp-content\/uploads\/2020\/10\/Diseno-sin-titulo-8-800x800.png\" class=\"bg attachment-large size-large\" alt=\"\" \/>                                    \n                    <\/div>\n\t\t\n        <div class=\"banner-layers container\">\n            <div class=\"fill banner-link\"><\/div>            \n\n   <div id=\"text-box-540546808\" class=\"text-box banner-layer x50 md-x50 lg-x50 y50 md-y50 lg-y50 res-text\">\n                                <div class=\"text-box-content text dark\">\n              \n              <div class=\"text-inner text-center\">\n                  \n\n\n              <\/div>\n           <\/div>\n                            \n<style>\n#text-box-540546808 {\n  width: 60%;\n}\n#text-box-540546808 .text-box-content {\n  font-size: 100%;\n}\n@media (min-width:550px) {\n  #text-box-540546808 {\n    width: 60%;\n  }\n}\n<\/style>\n    <\/div>\n \n\n        <\/div>\n      <\/div>\n\n            \n<style>\n#banner-20245380 {\n  padding-top: 60%;\n  background-color: rgba(0, 0, 0, 0);\n}\n@media (min-width:550px) {\n  #banner-20245380 {\n    padding-top: 75%;\n  }\n}\n<\/style>\n  <\/div>\n\n\n\n\t\t<\/div>\n\t\t\t\t\n<style>\n#col-1695669034 > .col-inner {\n  margin: 0 0px 0px 0px;\n}\n@media (min-width:550px) {\n  #col-1695669034 > .col-inner {\n    margin: -290px 0px 0px 0px;\n  }\n}\n@media (min-width:850px) {\n  #col-1695669034 > .col-inner {\n    margin: -165px 0px 0px 0px;\n  }\n}\n<\/style>\n\t<\/div>\n\n\t\n\n<\/div>\n\n\t\t<\/div>\n\t\t\t\t\t<\/div>\n\n\t\n\n\t<div id=\"col-2070007110\" class=\"col medium-12 small-12 large-6\"  >\n\t\t\t\t<div class=\"col-inner\"  >\n\t\t\t\n\t\t\t\n\n\t<div id=\"text-630657383\" class=\"text\">\n\t\t\n\n<h2>TALLERES Y CURSOS<\/h2>\n\t\t\n<style>\n#text-630657383 {\n  font-size: 1.1rem;\n}\n<\/style>\n\t<\/div>\n\t\n\t<div id=\"text-4008531897\" class=\"text\">\n\t\t\n\n<p><strong>Presenciales y Virtuales<\/strong>* Cursos y Talleres para encontrar la Armon\u00eda, Paz interior, Sanaci\u00f3n, Equilibrio Mental y Emocional. La sanaci\u00f3n energ\u00e9tica est\u00e1 al alcance de todos, para aquel que quiera profundizar en su interior y encontrar el camino ponemos a su alcance diferentes herramientas que lo ayudaran en su proceso.<\/p>\n\t\t\n<style>\n#text-4008531897 {\n  line-height: 1.7;\n  text-align: left;\n}\n<\/style>\n\t<\/div>\n\t\n\t<div id=\"text-3443210300\" class=\"text\">\n\t\t\n\n<h2>EVENTOS Y CONFERENCIAS<\/h2>\n\t\t\n<style>\n#text-3443210300 {\n  font-size: 1.1rem;\n}\n<\/style>\n\t<\/div>\n\t\n\t<div id=\"text-1843582304\" class=\"text\">\n\t\t\n\n<p><strong>Presenciales y Virtuales<\/strong>* Para tu desarrollo y crecimiento personal, proponemos una serie de eventos y conferencias donde podr\u00e1s encontrar el entendimiento y comprensi\u00f3n de las cosas del esp\u00edritu.<\/p>\n\t\t\n<style>\n#text-1843582304 {\n  line-height: 1.7;\n  text-align: left;\n}\n<\/style>\n\t<\/div>\n\t\n\n\t\t<\/div>\n\t\t\t\t\n<style>\n#col-2070007110 > .col-inner {\n  padding: 0px 0 0px 0px;\n}\n@media (min-width:550px) {\n  #col-2070007110 > .col-inner {\n    padding: 0px 10% 0px 0px;\n  }\n}\n@media (min-width:850px) {\n  #col-2070007110 > .col-inner {\n    padding: 0px 0px 0px 15%;\n  }\n}\n<\/style>\n\t<\/div>\n\n\t\n\n<\/div>\n\n\t\t<\/div>\n\n\t\t\n<style>\n#section_414807060 {\n  padding-top: 0px;\n  padding-bottom: 0px;\n}\n<\/style>\n\t<\/section>\n\t\n\n\t<section class=\"section\" id=\"section_191927552\">\n\t\t<div class=\"section-bg fill\" >\n\t\t\t\t\t\t\t\t\t\n\t\t\t\n\n\t\t<\/div>\n\n\t\t\n\n\t\t<div class=\"section-content relative\">\n\t\t\t\n\n<div class=\"row\"  id=\"row-1334351242\">\n\n\n\t<div id=\"col-958136185\" class=\"col small-12 large-12\"  >\n\t\t\t\t<div class=\"col-inner\"  >\n\t\t\t\n\t\t\t\n\n<div class=\"row row-large align-middle\"  id=\"row-1706905495\">\n\n\n<\/div>\n\n\t\t<\/div>\n\t\t\t\t\n<style>\n#col-958136185 > .col-inner {\n  margin: 10px 0px 10px 0px;\n}\n<\/style>\n\t<\/div>\n\n\t\n\n\n<style>\n#row-1334351242 > .col > .col-inner {\n  background-color: rgb(255,255,255);\n}\n<\/style>\n<\/div>\n\n\t\t<\/div>\n\n\t\t\n<style>\n#section_191927552 {\n  padding-top: 0px;\n  padding-bottom: 0px;\n  background-color: rgb(228, 228, 228);\n}\n<\/style>\n\t<\/section>\n\t\n\n","protected":false},"excerpt":{"rendered":"","protected":false},"author":4,"featured_media":0,"parent":0,"menu_order":0,"comment_status":"closed","ping_status":"closed","template":"page-transparent-header-light.php","meta":{"_acf_changed":false,"footnotes":""},"class_list":["post-1699","page","type-page","status-publish","hentry"],"acf":[],"_links":{"self":[{"href":"https:\/\/sereventos.com\/wp\/wp-json\/wp\/v2\/pages\/1699","targetHints":{"allow":["GET"]}}],"collection":[{"href":"https:\/\/sereventos.com\/wp\/wp-json\/wp\/v2\/pages"}],"about":[{"href":"https:\/\/sereventos.com\/wp\/wp-json\/wp\/v2\/types\/page"}],"author":[{"embeddable":true,"href":"https:\/\/sereventos.com\/wp\/wp-json\/wp\/v2\/users\/4"}],"replies":[{"embeddable":true,"href":"https:\/\/sereventos.com\/wp\/wp-json\/wp\/v2\/comments?post=1699"}],"version-history":[{"count":21,"href":"https:\/\/sereventos.com\/wp\/wp-json\/wp\/v2\/pages\/1699\/revisions"}],"predecessor-version":[{"id":3604,"href":"https:\/\/sereventos.com\/wp\/wp-json\/wp\/v2\/pages\/1699\/revisions\/3604"}],"wp:attachment":[{"href":"https:\/\/sereventos.com\/wp\/wp-json\/wp\/v2\/media?parent=1699"}],"curies":[{"name":"wp","href":"https:\/\/api.w.org\/{rel}","templated":true}]}}