{"id":798,"date":"2020-08-01T10:32:39","date_gmt":"2020-08-01T10:32:39","guid":{"rendered":"https:\/\/sereventos.com\/wp\/?page_id=798"},"modified":"2025-02-28T15:24:02","modified_gmt":"2025-02-28T15:24:02","slug":"terapias","status":"publish","type":"page","link":"https:\/\/sereventos.com\/wp\/terapias\/","title":{"rendered":"Terapias"},"content":{"rendered":"\n\n\t<section class=\"section dark\" id=\"section_2135606478\">\n\t\t<div class=\"section-bg fill\" >\n\t\t\t<img loading=\"lazy\" decoding=\"async\" width=\"602\" height=\"400\" src=\"https:\/\/sereventos.com\/wp\/wp-content\/uploads\/2020\/08\/970493_581316801890285_1364123781_n-602x400.jpg\" class=\"bg attachment-medium size-medium\" alt=\"\" \/>\t\t\t\t\t\t<div class=\"section-bg-overlay absolute fill\"><\/div><button class=\"scroll-for-more z-5 icon absolute bottom h-center\" aria-label=\"Despl\u00e1cese para m\u00e1s\"><i class=\"icon-angle-down\" style=\"font-size:42px;\" ><\/i><\/button>\n\t\t\t\n\n\t\t<\/div>\n\n\t\t\n\n\t\t<div class=\"section-content relative\">\n\t\t\t\n\n<div class=\"row\"  id=\"row-685750357\">\n\n\n\t<div id=\"col-366078958\" class=\"col medium-8 small-12 large-8\"  >\n\t\t\t\t<div class=\"col-inner\"  >\n\t\t\t\n\t\t\t\n\n<h1 style=\"font-size: 300%;\">Servicios y\u00a0 Terapias<\/h1>\n<p>Nuestro objetivo es ayudar\u00a0 a resolver sus problemas y acompa\u00f1arlo en el proceso.<\/p>\n\n\t\t<\/div>\n\t\t\t\t\t<\/div>\n\n\t\n\n<\/div>\n\n\t\t<\/div>\n\n\t\t\n<style>\n#section_2135606478 {\n  padding-top: 90px;\n  padding-bottom: 90px;\n}\n#section_2135606478 .section-bg-overlay {\n  background-color: rgba(0,0,0,.5);\n}\n#section_2135606478 .section-bg img {\n  object-position: 44% 67%;\n}\n<\/style>\n\t<\/section>\n\t\n\n\t<section class=\"section\" id=\"section_1337829903\">\n\t\t<div class=\"section-bg fill\" >\n\t\t\t\t\t\t\t\t\t\n\t\t\t\n\n\t\t<\/div>\n\n\t\t\n\n\t\t<div class=\"section-content relative\">\n\t\t\t\n\n\t<div id=\"gap-2080950565\" class=\"gap-element clearfix\" style=\"display:block; height:auto;\">\n\t\t\n<style>\n#gap-2080950565 {\n  padding-top: 30px;\n}\n<\/style>\n\t<\/div>\n\t\n\n\n\t\t<\/div>\n\n\t\t\n<style>\n#section_1337829903 {\n  padding-top: 30px;\n  padding-bottom: 30px;\n}\n<\/style>\n\t<\/section>\n\t\n\n\t<section class=\"section\" id=\"section_815831286\">\n\t\t<div class=\"section-bg fill\" >\n\t\t\t\t\t\t\t\t\t\n\t\t\t\n\n\t\t<\/div>\n\n\t\t\n\n\t\t<div class=\"section-content relative\">\n\t\t\t\n\n<a data-animate=\"fadeInRight\" class=\"button secondary is-underline is-large\"  >\n\t\t<span><\/span>\n\t<\/a>\n\n\n<div class=\"row\"  id=\"row-2017577242\">\n\n\n\t<div id=\"col-2033746514\" class=\"col small-12 large-12\"  >\n\t\t\t\t<div class=\"col-inner\"  >\n\t\t\t\n\t\t\t\n\n<div class=\"row row-collapse align-middle\"  id=\"row-1365625214\">\n\n\n\t<div id=\"col-877252049\" class=\"col team-sorted-info medium-7 small-12 large-8\"  >\n\t\t\t\t<div class=\"col-inner\"  >\n\t\t\t\n\t\t\t\n\n<h2>El\u00a0 Amor es Eterno\u00a0<\/h2>\n<p>Distancia |\u00a0 Presencial\u00a0<\/p>\n\t<div id=\"gap-540443864\" class=\"gap-element clearfix\" style=\"display:block; height:auto;\">\n\t\t\n<style>\n#gap-540443864 {\n  padding-top: 5px;\n}\n<\/style>\n\t<\/div>\n\t\n\n<p>El amor es eterno es una meditaci\u00f3n guiada con un solo fin, el poder encontrarnos con nuestros seres queridos que ya fallecieron y est\u00e1n en otro plano de existencia.<\/p>\n<p>A trav\u00e9s de la voz del gu\u00eda, los participantes de forma consiente pondr\u00e1n interactuar con los de m\u00e1s al fin de poder compartir sus experiencias en transcurso de la meditaci\u00f3n. Esta herramienta nos permite ser consientes de la vida despu\u00e9s de la muerte f\u00edsica y que de una forma sencilla, podemos tener conocimiento de como es tan nuestros seres queridos en el m\u00e1s.<\/p>\n<div class=\"is-divider divider clearfix\" style=\"margin-top:1.2em;margin-bottom:1.2em;max-width:100%;height:2px;background-color:rgba(0, 0, 0, 0.09);\"><\/div>\n\n<div class=\"row row-small\"  id=\"row-664815743\">\n\n\n\t<div id=\"col-1324248196\" class=\"col medium-12 small-12 large-7\"  >\n\t\t\t\t<div class=\"col-inner\"  >\n\t\t\t\n\t\t\t\n\n<a href=\"https:\/\/api.whatsapp.com\/send\/?phone=5491152764063&#038;text&#038;type=phone_number&#038;app_absent=0\" class=\"button secondary is-shade is-larger box-shadow-4 box-shadow-5-hover lowercase\"  style=\"border-radius:10px;\">\n\t\t<span>Solicitar + Info<\/span>\n\t<i class=\"icon-angle-right\" aria-hidden=\"true\" ><\/i><\/a>\n\n\n\n\t\t<\/div>\n\t\t\t\t\t<\/div>\n\n\t\n\n\t<div id=\"col-154468913\" class=\"col medium-12 small-12 large-5\"  >\n\t\t\t\t<div class=\"col-inner\"  >\n\t\t\t\n\t\t\t\n\n\n\t\t<\/div>\n\t\t\t\t\t<\/div>\n\n\t\n\n<\/div>\n\n\t\t<\/div>\n\t\t\t\t\n<style>\n#col-877252049 > .col-inner {\n  padding: 40px 40px 40px 40px;\n}\n<\/style>\n\t<\/div>\n\n\t\n\n\t<div id=\"col-481421780\" class=\"col medium-5 small-12 large-4 small-col-first\"  >\n\t\t\t\t<div class=\"col-inner\"  >\n\t\t\t\n\t\t\t\n\n\n  <div class=\"banner has-hover\" id=\"banner-1996378467\">\n          <div class=\"banner-inner fill\">\n        <div class=\"banner-bg fill\" >\n            <img loading=\"lazy\" decoding=\"async\" width=\"500\" height=\"500\" src=\"https:\/\/sereventos.com\/wp\/wp-content\/uploads\/2023\/11\/Amor-Eterno.png\" class=\"bg attachment-large size-large\" alt=\"\" \/>                                    \n                    <\/div>\n\t\t\n        <div class=\"banner-layers container\">\n            <div class=\"fill banner-link\"><\/div>            \n\n   <div id=\"text-box-185796439\" class=\"text-box banner-layer x50 md-x50 lg-x50 y50 md-y50 lg-y50 res-text\">\n                                <div class=\"text-box-content text dark\">\n              \n              <div class=\"text-inner text-center\">\n                  \n\n\n              <\/div>\n           <\/div>\n                            \n<style>\n#text-box-185796439 {\n  width: 60%;\n}\n#text-box-185796439 .text-box-content {\n  font-size: 100%;\n}\n@media (min-width:550px) {\n  #text-box-185796439 {\n    width: 60%;\n  }\n}\n<\/style>\n    <\/div>\n \n\n        <\/div>\n      <\/div>\n\n            \n<style>\n#banner-1996378467 {\n  padding-top: 400px;\n  background-color: rgb(244, 244, 244);\n}\n#banner-1996378467 .banner-bg img {\n  object-position: 51% 45%;\n}\n@media (min-width:550px) {\n  #banner-1996378467 {\n    padding-top: 400px;\n  }\n}\n<\/style>\n  <\/div>\n\n\n\n\t\t<\/div>\n\t\t\t\t\t<\/div>\n\n\t\n\n<\/div>\n\n\t\t<\/div>\n\t\t\t\t\n<style>\n#col-2033746514 > .col-inner {\n  margin: 10px 0px 10px 0px;\n}\n<\/style>\n\t<\/div>\n\n\t\n\n\t<div id=\"col-2134988812\" class=\"col small-12 large-12\"  >\n\t\t\t\t<div class=\"col-inner\"  >\n\t\t\t\n\t\t\t\n\n<div class=\"row row-collapse align-middle\"  id=\"row-141296971\">\n\n\n\t<div id=\"col-1938725561\" class=\"col team-sorted-info medium-7 small-12 large-8\"  >\n\t\t\t\t<div class=\"col-inner\"  >\n\t\t\t\n\t\t\t\n\n<h2>TAROT<\/h2>\n<p>Distancia\u00a0 |\u00a0<\/p>\n\t<div id=\"gap-1379723973\" class=\"gap-element clearfix\" style=\"display:block; height:auto;\">\n\t\t\n<style>\n#gap-1379723973 {\n  padding-top: 5px;\n}\n<\/style>\n\t<\/div>\n\t\n\n<p>El tarot nos permite, analizar, reflexionar y recibir orientaci\u00f3n en situaciones espec\u00edficas. Puede ayudar a comprender qu\u00e9 pasos podemos seguir para que nuestra situaci\u00f3n cambie a favor.\u00a0 Desentra\u00f1ar el inconsciente y expresar externamente lo que sucede dentro de nosotros.<\/p>\n<p>Con su conocimiento, \u00c1mbar nos aportar\u00e1 su interpretaci\u00f3n de las cartas que proporcionan una clara visi\u00f3n de nuestro estado emocional, mental y espiritual.\u00a0\u00a0<\/p>\n<div>\u00a0<\/div>\n<div>\u00a0<\/div>\n<div class=\"is-divider divider clearfix\" style=\"margin-top:1.2em;margin-bottom:1.2em;max-width:100%;height:2px;background-color:rgba(0, 0, 0, 0.09);\"><\/div>\n\n<div class=\"row row-small\"  id=\"row-1072214874\">\n\n\n\t<div id=\"col-263587986\" class=\"col medium-12 small-12 large-7\"  >\n\t\t\t\t<div class=\"col-inner\"  >\n\t\t\t\n\t\t\t\n\n<a href=\"https:\/\/api.whatsapp.com\/send\/?phone=5491152764063&#038;text&#038;type=phone_number&#038;app_absent=0\" class=\"button secondary is-shade is-larger box-shadow-5 box-shadow-3-hover\"  style=\"border-radius:10px;\">\n\t\t<span>solicitar<\/span>\n\t<i class=\"icon-angle-right\" aria-hidden=\"true\" ><\/i><\/a>\n\n\n\n\t\t<\/div>\n\t\t\t\t\t<\/div>\n\n\t\n\n\t<div id=\"col-1164087455\" class=\"col medium-12 small-12 large-5\"  >\n\t\t\t\t<div class=\"col-inner\"  >\n\t\t\t\n\t\t\t\n\n\n\t\t<\/div>\n\t\t\t\t\t<\/div>\n\n\t\n\n<\/div>\n\n\t\t<\/div>\n\t\t\t\t\n<style>\n#col-1938725561 > .col-inner {\n  padding: 40px 40px 40px 40px;\n}\n<\/style>\n\t<\/div>\n\n\t\n\n\t<div id=\"col-1286152264\" class=\"col medium-5 small-12 large-4 small-col-first\"  >\n\t\t\t\t<div class=\"col-inner\"  >\n\t\t\t\n\t\t\t\n\n\n  <div class=\"banner has-hover\" id=\"banner-1858113479\">\n          <div class=\"banner-inner fill\">\n        <div class=\"banner-bg fill\" >\n            <img loading=\"lazy\" decoding=\"async\" width=\"500\" height=\"500\" src=\"https:\/\/sereventos.com\/wp\/wp-content\/uploads\/2025\/02\/Ambar-1.png\" class=\"bg attachment-large size-large\" alt=\"\" \/>                                    \n                    <\/div>\n\t\t\n        <div class=\"banner-layers container\">\n            <div class=\"fill banner-link\"><\/div>            \n\n   <div id=\"text-box-1933692427\" class=\"text-box banner-layer x50 md-x50 lg-x50 y50 md-y50 lg-y50 res-text\">\n                                <div class=\"text-box-content text dark\">\n              \n              <div class=\"text-inner text-center\">\n                  \n\n\n              <\/div>\n           <\/div>\n                            \n<style>\n#text-box-1933692427 {\n  width: 60%;\n}\n#text-box-1933692427 .text-box-content {\n  font-size: 100%;\n}\n@media (min-width:550px) {\n  #text-box-1933692427 {\n    width: 60%;\n  }\n}\n<\/style>\n    <\/div>\n \n\n        <\/div>\n      <\/div>\n\n            \n<style>\n#banner-1858113479 {\n  padding-top: 400px;\n  background-color: rgb(244, 244, 244);\n}\n@media (min-width:550px) {\n  #banner-1858113479 {\n    padding-top: 400px;\n  }\n}\n<\/style>\n  <\/div>\n\n\n\n\t\t<\/div>\n\t\t\t\t\t<\/div>\n\n\t\n\n<\/div>\n\n\t\t<\/div>\n\t\t\t\t\n<style>\n#col-2134988812 > .col-inner {\n  margin: 10px 0px 10px 0px;\n}\n<\/style>\n\t<\/div>\n\n\t\n\n\t<div id=\"col-879528872\" class=\"col small-12 large-12\"  >\n\t\t\t\t<div class=\"col-inner\"  >\n\t\t\t\n\t\t\t\n\n<div class=\"row row-collapse align-middle\"  id=\"row-796940742\">\n\n\n\t<div id=\"col-733173799\" class=\"col team-sorted-info medium-7 small-12 large-8\"  >\n\t\t\t\t<div class=\"col-inner\"  >\n\t\t\t\n\t\t\t\n\n<h2><span style=\"color: #282828;\"><strong>LECTURA ESPIRITUAL<\/strong><\/span><\/h2>\n<p>Distancia\u00a0 | Presencial<\/p>\n\t<div id=\"gap-910789752\" class=\"gap-element clearfix\" style=\"display:block; height:auto;\">\n\t\t\n<style>\n#gap-910789752 {\n  padding-top: 5px;\n}\n<\/style>\n\t<\/div>\n\t\n\n<p>La mayor\u00eda de las personas buscan conectarse con un ser querido que parti\u00f3 de este mundo. Cuando nuestra gente querida fallece, a menudo dejan atr\u00e1s muchas preguntas sin respuestas. Si un ser querido falleci\u00f3 repentinamente, es probable que no haya podido despedirse de ellos y desean la certeza de que su ser querido tuvo una transici\u00f3n suave a la otra vida y que ya no sufre.<\/p>\n<p>Para algunos, el simple hecho de saber que su ser querido los sigue cuidando y\u00a0 saber que pueden comunicarse con aquellos que fallecieron puede ayudarlos a calmar el dolor y cerrar la etapa\u00a0 y brindarles tranquilidad.<\/p>\n<div class=\"is-divider divider clearfix\" style=\"margin-top:1.2em;margin-bottom:1.2em;max-width:100%;height:2px;background-color:rgba(0, 0, 0, 0.09);\"><\/div>\n\n<div class=\"row row-small\"  id=\"row-178438904\">\n\n\n\t<div id=\"col-302663241\" class=\"col medium-12 small-12 large-7\"  >\n\t\t\t\t<div class=\"col-inner\"  >\n\t\t\t\n\t\t\t\n\n<a href=\"https:\/\/elmedium.ar\/auto-draft\/\" class=\"button secondary is-shade is-larger box-shadow-4 box-shadow-5-hover\"  style=\"border-radius:10px;\">\n\t\t<span>solicitar<\/span>\n\t<i class=\"icon-angle-right\" aria-hidden=\"true\" ><\/i><\/a>\n\n\n\n\t\t<\/div>\n\t\t\t\t\t<\/div>\n\n\t\n\n\t<div id=\"col-1301937755\" class=\"col medium-12 small-12 large-5\"  >\n\t\t\t\t<div class=\"col-inner\"  >\n\t\t\t\n\t\t\t\n\n\n\t\t<\/div>\n\t\t\t\t\t<\/div>\n\n\t\n\n<\/div>\n\n\t\t<\/div>\n\t\t\t\t\n<style>\n#col-733173799 > .col-inner {\n  padding: 40px 40px 40px 40px;\n}\n<\/style>\n\t<\/div>\n\n\t\n\n\t<div id=\"col-2098313594\" class=\"col medium-5 small-12 large-4 small-col-first\"  >\n\t\t\t\t<div class=\"col-inner\"  >\n\t\t\t\n\t\t\t\n\n\n  <div class=\"banner has-hover\" id=\"banner-1167816289\">\n          <div class=\"banner-inner fill\">\n        <div class=\"banner-bg fill\" >\n            <img loading=\"lazy\" decoding=\"async\" width=\"750\" height=\"422\" src=\"https:\/\/sereventos.com\/wp\/wp-content\/uploads\/2020\/08\/HeartAwakening-angel-2665661_1920.jpg\" class=\"bg attachment-large size-large\" alt=\"\" \/>                                    \n                    <\/div>\n\t\t\n        <div class=\"banner-layers container\">\n            <div class=\"fill banner-link\"><\/div>            \n\n   <div id=\"text-box-604879920\" class=\"text-box banner-layer x50 md-x50 lg-x50 y50 md-y50 lg-y50 res-text\">\n                                <div class=\"text-box-content text dark\">\n              \n              <div class=\"text-inner text-center\">\n                  \n\n\n              <\/div>\n           <\/div>\n                            \n<style>\n#text-box-604879920 {\n  width: 60%;\n}\n#text-box-604879920 .text-box-content {\n  font-size: 100%;\n}\n@media (min-width:550px) {\n  #text-box-604879920 {\n    width: 60%;\n  }\n}\n<\/style>\n    <\/div>\n \n\n        <\/div>\n      <\/div>\n\n            \n<style>\n#banner-1167816289 {\n  padding-top: 400px;\n  background-color: rgb(244, 244, 244);\n}\n@media (min-width:550px) {\n  #banner-1167816289 {\n    padding-top: 400px;\n  }\n}\n<\/style>\n  <\/div>\n\n\n\n\t\t<\/div>\n\t\t\t\t\t<\/div>\n\n\t\n\n<\/div>\n\n\t\t<\/div>\n\t\t\t\t\n<style>\n#col-879528872 > .col-inner {\n  margin: 10px 0px 10px 0px;\n}\n<\/style>\n\t<\/div>\n\n\t\n\n\t<div id=\"col-1998309209\" class=\"col small-12 large-12\"  >\n\t\t\t\t<div class=\"col-inner\"  >\n\t\t\t\n\t\t\t\n\n<div class=\"row row-collapse align-middle\"  id=\"row-1474363534\">\n\n\n\t<div id=\"col-160749063\" class=\"col team-sorted-info medium-7 small-12 large-8\"  >\n\t\t\t\t<div class=\"col-inner\"  >\n\t\t\t\n\t\t\t\n\n<h2><span style=\"color: #000000;\"><strong>TERAPIA DE REGRESIONES<\/strong><\/span><\/h2>\n<p>Presencial |<\/p>\n\t<div id=\"gap-1408915114\" class=\"gap-element clearfix\" style=\"display:block; height:auto;\">\n\t\t\n<style>\n#gap-1408915114 {\n  padding-top: 5px;\n}\n<\/style>\n\t<\/div>\n\t\n\n<p>La terapia permite acceder a la informaci\u00f3n del subconsciente y permite ser trabajada de manera consciente, garantizando el proceso de sanaci\u00f3n. Es posible que se tenga experiencias de otras vidas, aunque no es necesario llegar a ese nivel para tener un buen resultado<span style=\"font-size: 14.4px;\">, es <\/span>un m\u00e9todo de sanaci\u00f3n alternativa, que persigue que el paciente obtenga la informaci\u00f3n para transmutar el dolor a todos los niveles, bien sea f\u00edsico, emocional, mental o espiritual.<\/p>\n<div class=\"is-divider divider clearfix\" style=\"margin-top:1.2em;margin-bottom:1.2em;max-width:100%;height:2px;background-color:rgba(0, 0, 0, 0.09);\"><\/div>\n\n<div class=\"row row-small\"  id=\"row-1822836721\">\n\n\n\t<div id=\"col-711916624\" class=\"col medium-12 small-12 large-7\"  >\n\t\t\t\t<div class=\"col-inner\"  >\n\t\t\t\n\t\t\t\n\n<a href=\"https:\/\/api.whatsapp.com\/send\/?phone=5491152764063&#038;text&#038;type=phone_number&#038;app_absent=0\" class=\"button secondary is-shade is-larger box-shadow-4 box-shadow-5-hover lowercase\"  style=\"border-radius:10px;\">\n\t\t<span>Solicitar + Info<\/span>\n\t<i class=\"icon-angle-right\" aria-hidden=\"true\" ><\/i><\/a>\n\n\n\n\t\t<\/div>\n\t\t\t\t\t<\/div>\n\n\t\n\n\t<div id=\"col-1348410018\" class=\"col medium-12 small-12 large-5\"  >\n\t\t\t\t<div class=\"col-inner\"  >\n\t\t\t\n\t\t\t\n\n\n\t\t<\/div>\n\t\t\t\t\t<\/div>\n\n\t\n\n<\/div>\n\n\t\t<\/div>\n\t\t\t\t\n<style>\n#col-160749063 > .col-inner {\n  padding: 40px 40px 40px 40px;\n}\n<\/style>\n\t<\/div>\n\n\t\n\n\t<div id=\"col-1706735756\" class=\"col medium-5 small-12 large-4 small-col-first\"  >\n\t\t\t\t<div class=\"col-inner\"  >\n\t\t\t\n\t\t\t\n\n\n  <div class=\"banner has-hover\" id=\"banner-2120491163\">\n          <div class=\"banner-inner fill\">\n        <div class=\"banner-bg fill\" >\n            <img loading=\"lazy\" decoding=\"async\" width=\"660\" height=\"330\" src=\"https:\/\/sereventos.com\/wp\/wp-content\/uploads\/2020\/08\/regresiones.jpg\" class=\"bg attachment-large size-large\" alt=\"\" \/>                                    \n                    <\/div>\n\t\t\n        <div class=\"banner-layers container\">\n            <div class=\"fill banner-link\"><\/div>            \n\n   <div id=\"text-box-434663744\" class=\"text-box banner-layer x50 md-x50 lg-x50 y50 md-y50 lg-y50 res-text\">\n                                <div class=\"text-box-content text dark\">\n              \n              <div class=\"text-inner text-center\">\n                  \n\n\n              <\/div>\n           <\/div>\n                            \n<style>\n#text-box-434663744 {\n  width: 60%;\n}\n#text-box-434663744 .text-box-content {\n  font-size: 100%;\n}\n@media (min-width:550px) {\n  #text-box-434663744 {\n    width: 60%;\n  }\n}\n<\/style>\n    <\/div>\n \n\n        <\/div>\n      <\/div>\n\n            \n<style>\n#banner-2120491163 {\n  padding-top: 400px;\n  background-color: rgb(244, 244, 244);\n}\n@media (min-width:550px) {\n  #banner-2120491163 {\n    padding-top: 400px;\n  }\n}\n<\/style>\n  <\/div>\n\n\n\n\t\t<\/div>\n\t\t\t\t\t<\/div>\n\n\t\n\n<\/div>\n\n\t\t<\/div>\n\t\t\t\t\n<style>\n#col-1998309209 > .col-inner {\n  margin: 10px 0px 10px 0px;\n}\n<\/style>\n\t<\/div>\n\n\t\n\n\t<div id=\"col-141522919\" class=\"col small-12 large-12\"  >\n\t\t\t\t<div class=\"col-inner\"  >\n\t\t\t\n\t\t\t\n\n<div class=\"row row-collapse align-middle\"  id=\"row-656674335\">\n\n\n\t<div id=\"col-1084258922\" class=\"col team-sorted-info medium-7 small-12 large-8\"  >\n\t\t\t\t<div class=\"col-inner\"  >\n\t\t\t\n\t\t\t\n\n<h2><span style=\"color: #282828;\"><strong>SESIONES DE REIKI<\/strong><\/span><\/h2>\n<p>Distancia\u00a0 | Presencial<\/p>\n\t<div id=\"gap-1731937632\" class=\"gap-element clearfix\" style=\"display:block; height:auto;\">\n\t\t\n<style>\n#gap-1731937632 {\n  padding-top: 5px;\n}\n<\/style>\n\t<\/div>\n\t\n\n<p>Las sesiones duran unos 45 minutos. Se transmitir\u00e1 su energ\u00eda vital al receptor, para hacer que la energ\u00eda vital fluya otra vez. Se colocan las manos sobre diferentes partes del cuerpo (sin contacto f\u00edsico), espec\u00edficamente en los puntos energ\u00e9ticos conectados con los chakras.<\/p>\n<p>Cuando los chakras est\u00e1n bloqueados es cuando nuestras defensas inmunol\u00f3gicas y emocionales bajan, y se producen las enfermedades f\u00edsicas y mentales, por eso con Reiki la energ\u00eda vital fluye produciendo el desbloqueo.<\/p>\n<div class=\"is-divider divider clearfix\" style=\"margin-top:1.2em;margin-bottom:1.2em;max-width:100%;height:2px;background-color:rgba(0, 0, 0, 0.09);\"><\/div>\n\n<div class=\"row row-small\"  id=\"row-1939597749\">\n\n\n\t<div id=\"col-1346933115\" class=\"col medium-12 small-12 large-7\"  >\n\t\t\t\t<div class=\"col-inner\"  >\n\t\t\t\n\t\t\t\n\n<a href=\"https:\/\/api.whatsapp.com\/send\/?phone=5491132706848&#038;text=El+M%C3%A9dium&#038;app_absent=0\" class=\"button secondary is-shade is-larger box-shadow-4 box-shadow-5-hover\"  style=\"border-radius:10px;\">\n\t\t<span>Solicitar<\/span>\n\t<i class=\"icon-angle-right\" aria-hidden=\"true\" ><\/i><\/a>\n\n\n\n\t\t<\/div>\n\t\t\t\t\t<\/div>\n\n\t\n\n\t<div id=\"col-792908039\" class=\"col medium-12 small-12 large-5\"  >\n\t\t\t\t<div class=\"col-inner\"  >\n\t\t\t\n\t\t\t\n\n\n\t\t<\/div>\n\t\t\t\t\t<\/div>\n\n\t\n\n<\/div>\n\n\t\t<\/div>\n\t\t\t\t\n<style>\n#col-1084258922 > .col-inner {\n  padding: 40px 40px 40px 40px;\n}\n<\/style>\n\t<\/div>\n\n\t\n\n\t<div id=\"col-1768435705\" class=\"col medium-5 small-12 large-4 small-col-first\"  >\n\t\t\t\t<div class=\"col-inner\"  >\n\t\t\t\n\t\t\t\n\n\n  <div class=\"banner has-hover\" id=\"banner-1614030752\">\n          <div class=\"banner-inner fill\">\n        <div class=\"banner-bg fill\" >\n            <img loading=\"lazy\" decoding=\"async\" width=\"1020\" height=\"414\" src=\"https:\/\/sereventos.com\/wp\/wp-content\/uploads\/2020\/08\/reikipro-1400x568.jpg\" class=\"bg attachment-large size-large\" alt=\"\" \/>                                    \n                    <\/div>\n\t\t\n        <div class=\"banner-layers container\">\n            <div class=\"fill banner-link\"><\/div>            \n\n   <div id=\"text-box-1145361120\" class=\"text-box banner-layer x50 md-x50 lg-x50 y50 md-y50 lg-y50 res-text\">\n                                <div class=\"text-box-content text dark\">\n              \n              <div class=\"text-inner text-center\">\n                  \n\n\n              <\/div>\n           <\/div>\n                            \n<style>\n#text-box-1145361120 {\n  width: 60%;\n}\n#text-box-1145361120 .text-box-content {\n  font-size: 100%;\n}\n@media (min-width:550px) {\n  #text-box-1145361120 {\n    width: 60%;\n  }\n}\n<\/style>\n    <\/div>\n \n\n        <\/div>\n      <\/div>\n\n            \n<style>\n#banner-1614030752 {\n  padding-top: 400px;\n  background-color: rgb(244, 244, 244);\n}\n#banner-1614030752 .banner-bg img {\n  object-position: 51% 59%;\n}\n@media (min-width:550px) {\n  #banner-1614030752 {\n    padding-top: 400px;\n  }\n}\n<\/style>\n  <\/div>\n\n\n\n\t\t<\/div>\n\t\t\t\t\t<\/div>\n\n\t\n\n<\/div>\n\n\t\t<\/div>\n\t\t\t\t\n<style>\n#col-141522919 > .col-inner {\n  margin: 10px 0px 10px 0px;\n}\n<\/style>\n\t<\/div>\n\n\t\n\n\n<style>\n#row-2017577242 > .col > .col-inner {\n  background-color: rgb(255,255,255);\n}\n<\/style>\n<\/div>\n\n\t\t<\/div>\n\n\t\t\n<style>\n#section_815831286 {\n  padding-top: 30px;\n  padding-bottom: 30px;\n  background-color: rgb(228, 228, 228);\n}\n<\/style>\n\t<\/section>\n\t\n\n","protected":false},"excerpt":{"rendered":"","protected":false},"author":4,"featured_media":0,"parent":0,"menu_order":0,"comment_status":"closed","ping_status":"closed","template":"","meta":{"_acf_changed":false,"footnotes":""},"class_list":["post-798","page","type-page","status-publish","hentry"],"acf":[],"_links":{"self":[{"href":"https:\/\/sereventos.com\/wp\/wp-json\/wp\/v2\/pages\/798","targetHints":{"allow":["GET"]}}],"collection":[{"href":"https:\/\/sereventos.com\/wp\/wp-json\/wp\/v2\/pages"}],"about":[{"href":"https:\/\/sereventos.com\/wp\/wp-json\/wp\/v2\/types\/page"}],"author":[{"embeddable":true,"href":"https:\/\/sereventos.com\/wp\/wp-json\/wp\/v2\/users\/4"}],"replies":[{"embeddable":true,"href":"https:\/\/sereventos.com\/wp\/wp-json\/wp\/v2\/comments?post=798"}],"version-history":[{"count":75,"href":"https:\/\/sereventos.com\/wp\/wp-json\/wp\/v2\/pages\/798\/revisions"}],"predecessor-version":[{"id":3595,"href":"https:\/\/sereventos.com\/wp\/wp-json\/wp\/v2\/pages\/798\/revisions\/3595"}],"wp:attachment":[{"href":"https:\/\/sereventos.com\/wp\/wp-json\/wp\/v2\/media?parent=798"}],"curies":[{"name":"wp","href":"https:\/\/api.w.org\/{rel}","templated":true}]}}